{"id":694,"date":"2018-01-10T13:31:55","date_gmt":"2018-01-10T13:31:55","guid":{"rendered":"https:\/\/www.roximo.be\/devis-renovation\/"},"modified":"2018-01-29T07:36:37","modified_gmt":"2018-01-29T07:36:37","slug":"citaat","status":"publish","type":"page","link":"https:\/\/www.roximo.be\/nl\/citaat\/","title":{"rendered":"Citaat"},"content":{"rendered":"<\/div><\/div><\/div><!-- close content main div --><\/div><\/div><div id='devis' class='avia-section alternate_color avia-section-large avia-no-border-styling av-parallax-section avia-bg-style-parallax   container_wrap sidebar_right'  data-section-bg-repeat='no-repeat' ><div class='av-parallax' data-avia-parallax-ratio='0.3' ><div class='av-parallax-inner alternate_color  avia-full-stretch' style = 'background-repeat: no-repeat; background-image: url(https:\/\/www.roximo.be\/wp-content\/uploads\/2018\/01\/house-wire-model-fade-white-1500x1085-1500x1085.png); background-attachment: scroll; background-position: top left; ' ><\/div><\/div><div class='container' ><div class='template-page content  av-content-small alpha units'><div class='post-entry post-entry-type-page post-entry-694'><div class='entry-content-wrapper clearfix'>\n<div style='padding-bottom:0px;' class='av-special-heading av-special-heading-h2  blockquote modern-quote modern-centered   '><h2 class='av-special-heading-tag '  itemprop=\"headline\"  > Vraag uw gratis offerte aan<\/h2><div class='special-heading-border'><div class='special-heading-inner-border' ><\/div><\/div><\/div>\n<div style=' margin-top:5px; margin-bottom:35px;'  class='hr hr-custom hr-center hr-icon-yes  '><span class='hr-inner   inner-border-av-border-fat' style=' width:50px; border-color:#df561c;' ><span class='hr-inner-style'><\/span><\/span><span class='av-seperator-icon'  aria-hidden='true' data-av_icon='\ue856' data-av_iconfont='entypo-fontello'><\/span><span class='hr-inner   inner-border-av-border-fat' style=' width:50px; border-color:#df561c;' ><span class='hr-inner-style'><\/span><\/span><\/div>\n<form action=\"https:\/\/www.roximo.be\/nl\/citaat\/\" method=\"post\"  class=\"avia_ajax_form av-form-labels-visible    \" data-avia-form-id=\"1\" data-avia-redirect='https:\/\/www.roximo.be\/nl\/dankjewel\/'><fieldset><p class=' first_form  form_element form_element_half' id='element_avia_1_1'><label for=\"avia_1_1\">Naam <abbr class=\"required\" title=\"required\">*<\/abbr><\/label> <input name=\"avia_1_1\" class=\"text_input is_empty\" type=\"text\" id=\"avia_1_1\" value=\"\" \/><\/p><p class=' form_element form_element_half' id='element_avia_2_1'><label for=\"avia_2_1\">Voornaam<\/label> <input name=\"avia_2_1\" class=\"text_input \" type=\"text\" id=\"avia_2_1\" value=\"\" \/><\/p><p class=' first_form  form_element form_element_half' id='element_avia_3_1'><label for=\"avia_3_1\">Telefoon <abbr class=\"required\" title=\"required\">*<\/abbr><\/label> <input name=\"avia_3_1\" class=\"text_input is_phone\" type=\"text\" id=\"avia_3_1\" value=\"\" \/><\/p><p class=' form_element form_element_half' id='element_avia_4_1'><label for=\"avia_4_1\">E-Mail <abbr class=\"required\" title=\"required\">*<\/abbr><\/label> <input name=\"avia_4_1\" class=\"text_input is_email\" type=\"text\" id=\"avia_4_1\" value=\"\" \/><\/p><p class=' first_form  form_element form_fullwidth' id='element_avia_5_1'><label for=\"avia_5_1\"> Offerte voor <abbr class=\"required\" title=\"required\">*<\/abbr><\/label> <select multiple name=\"avia_5_1\" class=\"select is_empty av-multi-select\" id=\"avia_5_1\"><option  value ='Verwarming'>Verwarming<\/option><option  value ='Loodgieters'>Loodgieters<\/option><option  value ='Elektriciteit en ventilatie'>Elektriciteit en ventilatie<\/option><option  value ='Bouw &amp; renovatie'>Bouw &amp; renovatie<\/option><option  value ='Lak &amp; coating'>Lak &amp; coating<\/option><option  value ='Dakbedekking &amp; isolatie'>Dakbedekking &amp; isolatie<\/option><option  value ='Ramen &amp; chassis'>Ramen &amp; chassis<\/option><\/select><\/p><p class=' first_form  form_element form_fullwidth' id='element_avia_6_1'><label for=\"avia_6_1\">Subject <abbr class=\"required\" title=\"required\">*<\/abbr><\/label> <input name=\"avia_6_1\" class=\"text_input is_empty\" type=\"text\" id=\"avia_6_1\" value=\"\" \/><\/p><p class=' first_form  form_element form_fullwidth' id='element_avia_7_1'>\t <label for=\"avia_7_1\" class=\"textare_label hidden textare_label_avia_7_1\">Bericht <abbr class=\"required\" title=\"required\">*<\/abbr><\/label>\t <textarea  name=\"avia_7_1\" class=\"text_area is_empty\" cols=\"40\" rows=\"7\" id=\"avia_7_1\" ><\/textarea><\/p><p class=\"hidden\"><input type=\"text\" name=\"avia_8_1\" class=\"hidden \" id=\"avia_8_1\" value=\"\" \/><\/p><p class='' id='element_avia_9_1'>    <span class='value_verifier_label'>2 + 0 = ?<\/span>    <input name=\"avia_9_1_verifier\" type=\"hidden\" id=\"avia_9_1_verifier\" value=\"654761827\"\/><label for=\"avia_9_1\">Bewijs a.u.b. dat u een mens bent door de volgende vergelijking op te lossen. <abbr class=\"required\" title=\"required\">*<\/abbr><\/label>    <input name=\"avia_9_1\" class=\"text_input captcha\" type=\"text\" id=\"avia_9_1\" value=\"\"\/><\/p><p class=\"form_element \"><input type=\"hidden\" value=\"1\" name=\"avia_generated_form1\" \/><input type=\"submit\" value=\"Sturen\" class=\"button\"  data-sending-label=\"Verzenden\"\/><\/p><\/fieldset><\/form><div id=\"ajaxresponse_1\" class=\"ajaxresponse ajaxresponse_1 hidden\"><\/div>\n<\/div><\/div><\/div><!-- close content main div --><\/div><\/div><div id='after_section_1' class='main_color av_default_container_wrap container_wrap sidebar_right'   ><div class='container' ><div class='template-page content  av-content-small alpha units'><div class='post-entry post-entry-type-page post-entry-694'><div class='entry-content-wrapper clearfix'>\n","protected":false},"excerpt":{"rendered":"","protected":false},"author":1,"featured_media":0,"parent":0,"menu_order":0,"comment_status":"closed","ping_status":"closed","template":"","meta":{"footnotes":""},"yoast_head":"<!-- This site is optimized with the Yoast SEO plugin v23.4 - https:\/\/yoast.com\/wordpress\/plugins\/seo\/ -->\n<title>Devis pour vos travaux de renovation, restauration et de remise \u00e0 neuf<\/title>\n<meta name=\"description\" content=\"Pour tous vos travaux de r\u00e9novation, que ce soit l&#039;\u00e9lectricit\u00e9, la plomberie, la ma\u00e7onnerie, le plafonnage, ... nous sommes \u00e0 votre service et vous proposons un devis gratuit.\" \/>\n<meta name=\"robots\" content=\"index, follow, max-snippet:-1, max-image-preview:large, max-video-preview:-1\" \/>\n<link rel=\"canonical\" href=\"https:\/\/www.roximo.be\/nl\/citaat\/\" \/>\n<meta property=\"og:locale\" content=\"nl_NL\" \/>\n<meta property=\"og:type\" content=\"article\" \/>\n<meta property=\"og:title\" content=\"Devis pour vos travaux de renovation, restauration et de remise \u00e0 neuf\" \/>\n<meta property=\"og:description\" content=\"Pour tous vos travaux de r\u00e9novation, que ce soit l&#039;\u00e9lectricit\u00e9, la plomberie, la ma\u00e7onnerie, le plafonnage, ... nous sommes \u00e0 votre service et vous proposons un devis gratuit.\" \/>\n<meta property=\"og:url\" content=\"https:\/\/www.roximo.be\/nl\/citaat\/\" \/>\n<meta property=\"og:site_name\" content=\"ROXIMO - Entreprise G\u00e9n\u00e9rale de Construction\" \/>\n<meta property=\"article:modified_time\" content=\"2018-01-29T07:36:37+00:00\" \/>\n<meta name=\"twitter:card\" content=\"summary_large_image\" \/>\n<meta name=\"twitter:label1\" content=\"Geschatte leestijd\" \/>\n\t<meta name=\"twitter:data1\" content=\"2 minuten\" \/>\n<script type=\"application\/ld+json\" class=\"yoast-schema-graph\">{\"@context\":\"https:\/\/schema.org\",\"@graph\":[{\"@type\":\"WebPage\",\"@id\":\"https:\/\/www.roximo.be\/nl\/citaat\/\",\"url\":\"https:\/\/www.roximo.be\/nl\/citaat\/\",\"name\":\"Devis pour vos travaux de renovation, restauration et de remise \u00e0 neuf\",\"isPartOf\":{\"@id\":\"https:\/\/www.roximo.be\/#website\"},\"datePublished\":\"2018-01-10T13:31:55+00:00\",\"dateModified\":\"2018-01-29T07:36:37+00:00\",\"description\":\"Pour tous vos travaux de r\u00e9novation, que ce soit l'\u00e9lectricit\u00e9, la plomberie, la ma\u00e7onnerie, le plafonnage, ... nous sommes \u00e0 votre service et vous proposons un devis gratuit.\",\"breadcrumb\":{\"@id\":\"https:\/\/www.roximo.be\/nl\/citaat\/#breadcrumb\"},\"inLanguage\":\"nl-NL\",\"potentialAction\":[{\"@type\":\"ReadAction\",\"target\":[\"https:\/\/www.roximo.be\/nl\/citaat\/\"]}]},{\"@type\":\"BreadcrumbList\",\"@id\":\"https:\/\/www.roximo.be\/nl\/citaat\/#breadcrumb\",\"itemListElement\":[{\"@type\":\"ListItem\",\"position\":1,\"name\":\"Home\",\"item\":\"https:\/\/www.roximo.be\/\"},{\"@type\":\"ListItem\",\"position\":2,\"name\":\"Citaat\"}]},{\"@type\":\"WebSite\",\"@id\":\"https:\/\/www.roximo.be\/#website\",\"url\":\"https:\/\/www.roximo.be\/\",\"name\":\"ROXIMO - Entreprise G\u00e9n\u00e9rale de Construction\",\"description\":\"\",\"potentialAction\":[{\"@type\":\"SearchAction\",\"target\":{\"@type\":\"EntryPoint\",\"urlTemplate\":\"https:\/\/www.roximo.be\/?s={search_term_string}\"},\"query-input\":{\"@type\":\"PropertyValueSpecification\",\"valueRequired\":true,\"valueName\":\"search_term_string\"}}],\"inLanguage\":\"nl-NL\"}]}<\/script>\n<!-- \/ Yoast SEO plugin. -->","yoast_head_json":{"title":"Devis pour vos travaux de renovation, restauration et de remise \u00e0 neuf","description":"Pour tous vos travaux de r\u00e9novation, que ce soit l'\u00e9lectricit\u00e9, la plomberie, la ma\u00e7onnerie, le plafonnage, ... nous sommes \u00e0 votre service et vous proposons un devis gratuit.","robots":{"index":"index","follow":"follow","max-snippet":"max-snippet:-1","max-image-preview":"max-image-preview:large","max-video-preview":"max-video-preview:-1"},"canonical":"https:\/\/www.roximo.be\/nl\/citaat\/","og_locale":"nl_NL","og_type":"article","og_title":"Devis pour vos travaux de renovation, restauration et de remise \u00e0 neuf","og_description":"Pour tous vos travaux de r\u00e9novation, que ce soit l'\u00e9lectricit\u00e9, la plomberie, la ma\u00e7onnerie, le plafonnage, ... nous sommes \u00e0 votre service et vous proposons un devis gratuit.","og_url":"https:\/\/www.roximo.be\/nl\/citaat\/","og_site_name":"ROXIMO - Entreprise G\u00e9n\u00e9rale de Construction","article_modified_time":"2018-01-29T07:36:37+00:00","twitter_card":"summary_large_image","twitter_misc":{"Geschatte leestijd":"2 minuten"},"schema":{"@context":"https:\/\/schema.org","@graph":[{"@type":"WebPage","@id":"https:\/\/www.roximo.be\/nl\/citaat\/","url":"https:\/\/www.roximo.be\/nl\/citaat\/","name":"Devis pour vos travaux de renovation, restauration et de remise \u00e0 neuf","isPartOf":{"@id":"https:\/\/www.roximo.be\/#website"},"datePublished":"2018-01-10T13:31:55+00:00","dateModified":"2018-01-29T07:36:37+00:00","description":"Pour tous vos travaux de r\u00e9novation, que ce soit l'\u00e9lectricit\u00e9, la plomberie, la ma\u00e7onnerie, le plafonnage, ... nous sommes \u00e0 votre service et vous proposons un devis gratuit.","breadcrumb":{"@id":"https:\/\/www.roximo.be\/nl\/citaat\/#breadcrumb"},"inLanguage":"nl-NL","potentialAction":[{"@type":"ReadAction","target":["https:\/\/www.roximo.be\/nl\/citaat\/"]}]},{"@type":"BreadcrumbList","@id":"https:\/\/www.roximo.be\/nl\/citaat\/#breadcrumb","itemListElement":[{"@type":"ListItem","position":1,"name":"Home","item":"https:\/\/www.roximo.be\/"},{"@type":"ListItem","position":2,"name":"Citaat"}]},{"@type":"WebSite","@id":"https:\/\/www.roximo.be\/#website","url":"https:\/\/www.roximo.be\/","name":"ROXIMO - Entreprise G\u00e9n\u00e9rale de Construction","description":"","potentialAction":[{"@type":"SearchAction","target":{"@type":"EntryPoint","urlTemplate":"https:\/\/www.roximo.be\/?s={search_term_string}"},"query-input":{"@type":"PropertyValueSpecification","valueRequired":true,"valueName":"search_term_string"}}],"inLanguage":"nl-NL"}]}},"_links":{"self":[{"href":"https:\/\/www.roximo.be\/nl\/wp-json\/wp\/v2\/pages\/694"}],"collection":[{"href":"https:\/\/www.roximo.be\/nl\/wp-json\/wp\/v2\/pages"}],"about":[{"href":"https:\/\/www.roximo.be\/nl\/wp-json\/wp\/v2\/types\/page"}],"author":[{"embeddable":true,"href":"https:\/\/www.roximo.be\/nl\/wp-json\/wp\/v2\/users\/1"}],"replies":[{"embeddable":true,"href":"https:\/\/www.roximo.be\/nl\/wp-json\/wp\/v2\/comments?post=694"}],"version-history":[{"count":0,"href":"https:\/\/www.roximo.be\/nl\/wp-json\/wp\/v2\/pages\/694\/revisions"}],"wp:attachment":[{"href":"https:\/\/www.roximo.be\/nl\/wp-json\/wp\/v2\/media?parent=694"}],"curies":[{"name":"wp","href":"https:\/\/api.w.org\/{rel}","templated":true}]}}