{"id":580,"date":"2015-10-22T15:32:14","date_gmt":"2015-10-22T15:32:14","guid":{"rendered":"https:\/\/www.roximo.be\/service\/electricite-et-ventilation\/"},"modified":"2018-01-26T09:37:18","modified_gmt":"2018-01-26T09:37:18","slug":"elektriciteit-en-ventilatie","status":"publish","type":"page","link":"https:\/\/www.roximo.be\/nl\/diensten\/elektriciteit-en-ventilatie\/","title":{"rendered":"Elektriciteit en Ventilatie"},"content":{"rendered":"<div  data-size='featured'  data-lightbox_size='large'  data-animation='fade'  data-ids='510,511'  data-video_counter='0'  data-autoplay='true'  data-bg_slider='false'  data-slide_height=''  data-handle='av_slideshow'  data-interval='5'  data-class=' '  data-css_id=''  data-scroll_down=''  data-control_layout='av-control-hidden'  data-custom_markup=''  data-perma_caption=''  data-autoplay_stopper=''  data-image_attachment=''  data-min_height='0px'  data-default-height='28.666666666667'  class='avia-slideshow avia-slideshow-1  av-control-hidden av-default-height-applied avia-slideshow-featured av_slideshow   avia-fade-slider '  itemprop=\"ImageObject\" itemscope=\"itemscope\" itemtype=\"https:\/\/schema.org\/ImageObject\" ><ul class='avia-slideshow-inner' style='padding-bottom: 28.666666666667%;'><li  class=' slide-1 ' ><div data-rel='slideshow-1' class='avia-slide-wrap'  ><img src='https:\/\/www.roximo.be\/wp-content\/uploads\/2018\/01\/electricit\u00e9-slide-1500x430.jpg' width='1500' height='430' title='electricit\u00e9-slide' alt='electricit\u00e9-slide'  itemprop=\"thumbnailUrl\"   \/><\/div><\/li><li  class=' slide-2 ' ><div data-rel='slideshow-1' class='avia-slide-wrap'  ><img src='https:\/\/www.roximo.be\/wp-content\/uploads\/2018\/01\/ventilation-slide-1500x430.jpg' width='1500' height='430' title='ventilation-slide' alt='ventilation-slide'  itemprop=\"thumbnailUrl\"   \/><\/div><\/li><\/ul><div class='avia-slideshow-arrows avia-slideshow-controls'><a href='#prev' class='prev-slide' aria-hidden='true' data-av_icon='\ue87c' data-av_iconfont='entypo-fontello'>Vorige<\/a><a href='#next' class='next-slide' aria-hidden='true' data-av_icon='\ue87d' data-av_iconfont='entypo-fontello'>Volgende<\/a><\/div><div class='avia-slideshow-dots avia-slideshow-controls'><a href='#1' class='goto-slide active' >1<\/a><a href='#2' class='goto-slide ' >2<\/a><\/div><\/div>\n<div class=\"flex_column av_one_full  av-animated-generic bottom-to-top  flex_column_div av-zero-column-padding first  \" style='margin-top:0px; margin-bottom:0px; border-radius:0px; '><p><div style='padding-bottom:0px;' class='av-special-heading av-special-heading-h1  blockquote modern-quote  '><h1 class='av-special-heading-tag '  itemprop=\"headline\"  >Elektriciteit <span class='special_amp'>&amp;<\/span> Ventilatie<\/h1><div class='special-heading-border'><div class='special-heading-inner-border' ><\/div><\/div><\/div><br \/>\n<div style=' margin-top:10px; margin-bottom:10px;'  class='hr hr-custom hr-left hr-icon-no  '><span class='hr-inner   inner-border-av-border-fat' style=' width:50px; border-color:#df561c;' ><span class='hr-inner-style'><\/span><\/span><\/div><\/p><\/div><div class=\"flex_column av_one_full  av-animated-generic bottom-to-top  flex_column_div av-zero-column-padding first  \" style='margin-top:0px; margin-bottom:0px; border-radius:0px; '><section class=\"av_textblock_section \"  itemscope=\"itemscope\" itemtype=\"https:\/\/schema.org\/CreativeWork\" ><div class='avia_textblock  '   itemprop=\"text\" ><blockquote>\n<p><strong>Elektriciteit<\/strong><\/p>\n<\/blockquote>\n<ul>\n<li>Naleving van de ontvangst door bevoegd orgaan<\/li>\n<li>probleemoplossing<\/li>\n<li>Het installeren van video telefoon intercom<\/li>\n<li>video Surveillance<\/li>\n<li>automatisering<\/li>\n<li>nieuwbouw<\/li>\n<li>Levering en installatie van huishoudelijke apparaten<\/li>\n<\/ul>\n<\/div><\/section><\/div><div class=\"flex_column av_one_half  av-animated-generic bottom-to-top  flex_column_div av-zero-column-padding first  \" style='border-radius:0px; '><section class=\"av_textblock_section \"  itemscope=\"itemscope\" itemtype=\"https:\/\/schema.org\/CreativeWork\" ><div class='avia_textblock  '   itemprop=\"text\" ><blockquote>\n<p><strong>Ventilatie<\/strong><\/p>\n<\/blockquote>\n<p>Enkele stroom of duale systeem<br \/>\nprobleemoplossing<\/p>\n<\/div><\/section><\/div><div class=\"flex_column av_one_half  av-animated-generic bottom-to-top  flex_column_div av-zero-column-padding   \" style='border-radius:0px; '><div class='avia-image-container  av-styling-no-styling    avia-align-center '  itemprop=\"ImageObject\" itemscope=\"itemscope\" itemtype=\"https:\/\/schema.org\/ImageObject\"  ><div class='avia-image-container-inner'><img class='avia_image ' src='https:\/\/www.roximo.be\/wp-content\/uploads\/2018\/01\/ventilation-slide-495x400.jpg' alt='ventilation-slide' title='ventilation-slide'   itemprop=\"thumbnailUrl\"  \/><\/div><\/div><\/div><\/p>\n<div class=\"flex_column av_one_full  av-animated-generic bottom-to-top  flex_column_div first  \" style='padding:20px; border-radius:0px; '><p><div style='padding-bottom:0px;' class='av-special-heading av-special-heading-h2  blockquote modern-quote  '><h2 class='av-special-heading-tag '  itemprop=\"headline\"  >Galerij<\/h2><div class='special-heading-border'><div class='special-heading-inner-border' ><\/div><\/div><\/div><br \/>\n<div style=' margin-top:10px; margin-bottom:10px;'  class='hr hr-custom hr-left hr-icon-no  '><span class='hr-inner   inner-border-av-border-fat' style=' width:50px; border-color:#df561c;' ><span class='hr-inner-style'><\/span><\/span><\/div><br \/>\n<\/p><\/div>\n","protected":false},"excerpt":{"rendered":"","protected":false},"author":1,"featured_media":0,"parent":572,"menu_order":0,"comment_status":"closed","ping_status":"closed","template":"","meta":{"footnotes":""},"yoast_head":"<!-- This site is optimized with the Yoast SEO plugin v23.4 - https:\/\/yoast.com\/wordpress\/plugins\/seo\/ -->\n<title>Elektriciteit en Ventilatie - ROXIMO - Entreprise G\u00e9n\u00e9rale de Construction<\/title>\n<meta name=\"robots\" content=\"index, follow, max-snippet:-1, max-image-preview:large, max-video-preview:-1\" \/>\n<link rel=\"canonical\" href=\"https:\/\/www.roximo.be\/nl\/diensten\/elektriciteit-en-ventilatie\/\" \/>\n<meta property=\"og:locale\" content=\"nl_NL\" \/>\n<meta property=\"og:type\" content=\"article\" \/>\n<meta property=\"og:title\" content=\"Elektriciteit en Ventilatie - ROXIMO - Entreprise G\u00e9n\u00e9rale de Construction\" \/>\n<meta property=\"og:url\" content=\"https:\/\/www.roximo.be\/nl\/diensten\/elektriciteit-en-ventilatie\/\" \/>\n<meta property=\"og:site_name\" content=\"ROXIMO - Entreprise G\u00e9n\u00e9rale de Construction\" \/>\n<meta property=\"article:modified_time\" content=\"2018-01-26T09:37:18+00:00\" \/>\n<meta name=\"twitter:card\" content=\"summary_large_image\" \/>\n<meta name=\"twitter:label1\" content=\"Geschatte leestijd\" \/>\n\t<meta name=\"twitter:data1\" content=\"4 minuten\" \/>\n<script type=\"application\/ld+json\" class=\"yoast-schema-graph\">{\"@context\":\"https:\/\/schema.org\",\"@graph\":[{\"@type\":\"WebPage\",\"@id\":\"https:\/\/www.roximo.be\/nl\/diensten\/elektriciteit-en-ventilatie\/\",\"url\":\"https:\/\/www.roximo.be\/nl\/diensten\/elektriciteit-en-ventilatie\/\",\"name\":\"Elektriciteit en Ventilatie - ROXIMO - Entreprise G\u00e9n\u00e9rale de Construction\",\"isPartOf\":{\"@id\":\"https:\/\/www.roximo.be\/#website\"},\"datePublished\":\"2015-10-22T15:32:14+00:00\",\"dateModified\":\"2018-01-26T09:37:18+00:00\",\"breadcrumb\":{\"@id\":\"https:\/\/www.roximo.be\/nl\/diensten\/elektriciteit-en-ventilatie\/#breadcrumb\"},\"inLanguage\":\"nl-NL\",\"potentialAction\":[{\"@type\":\"ReadAction\",\"target\":[\"https:\/\/www.roximo.be\/nl\/diensten\/elektriciteit-en-ventilatie\/\"]}]},{\"@type\":\"BreadcrumbList\",\"@id\":\"https:\/\/www.roximo.be\/nl\/diensten\/elektriciteit-en-ventilatie\/#breadcrumb\",\"itemListElement\":[{\"@type\":\"ListItem\",\"position\":1,\"name\":\"Home\",\"item\":\"https:\/\/www.roximo.be\/\"},{\"@type\":\"ListItem\",\"position\":2,\"name\":\"Diensten\",\"item\":\"https:\/\/www.roximo.be\/nl\/diensten\/\"},{\"@type\":\"ListItem\",\"position\":3,\"name\":\"Elektriciteit en Ventilatie\"}]},{\"@type\":\"WebSite\",\"@id\":\"https:\/\/www.roximo.be\/#website\",\"url\":\"https:\/\/www.roximo.be\/\",\"name\":\"ROXIMO - Entreprise G\u00e9n\u00e9rale de Construction\",\"description\":\"\",\"potentialAction\":[{\"@type\":\"SearchAction\",\"target\":{\"@type\":\"EntryPoint\",\"urlTemplate\":\"https:\/\/www.roximo.be\/?s={search_term_string}\"},\"query-input\":{\"@type\":\"PropertyValueSpecification\",\"valueRequired\":true,\"valueName\":\"search_term_string\"}}],\"inLanguage\":\"nl-NL\"}]}<\/script>\n<!-- \/ Yoast SEO plugin. -->","yoast_head_json":{"title":"Elektriciteit en Ventilatie - ROXIMO - Entreprise G\u00e9n\u00e9rale de Construction","robots":{"index":"index","follow":"follow","max-snippet":"max-snippet:-1","max-image-preview":"max-image-preview:large","max-video-preview":"max-video-preview:-1"},"canonical":"https:\/\/www.roximo.be\/nl\/diensten\/elektriciteit-en-ventilatie\/","og_locale":"nl_NL","og_type":"article","og_title":"Elektriciteit en Ventilatie - ROXIMO - Entreprise G\u00e9n\u00e9rale de Construction","og_url":"https:\/\/www.roximo.be\/nl\/diensten\/elektriciteit-en-ventilatie\/","og_site_name":"ROXIMO - Entreprise G\u00e9n\u00e9rale de Construction","article_modified_time":"2018-01-26T09:37:18+00:00","twitter_card":"summary_large_image","twitter_misc":{"Geschatte leestijd":"4 minuten"},"schema":{"@context":"https:\/\/schema.org","@graph":[{"@type":"WebPage","@id":"https:\/\/www.roximo.be\/nl\/diensten\/elektriciteit-en-ventilatie\/","url":"https:\/\/www.roximo.be\/nl\/diensten\/elektriciteit-en-ventilatie\/","name":"Elektriciteit en Ventilatie - ROXIMO - Entreprise G\u00e9n\u00e9rale de Construction","isPartOf":{"@id":"https:\/\/www.roximo.be\/#website"},"datePublished":"2015-10-22T15:32:14+00:00","dateModified":"2018-01-26T09:37:18+00:00","breadcrumb":{"@id":"https:\/\/www.roximo.be\/nl\/diensten\/elektriciteit-en-ventilatie\/#breadcrumb"},"inLanguage":"nl-NL","potentialAction":[{"@type":"ReadAction","target":["https:\/\/www.roximo.be\/nl\/diensten\/elektriciteit-en-ventilatie\/"]}]},{"@type":"BreadcrumbList","@id":"https:\/\/www.roximo.be\/nl\/diensten\/elektriciteit-en-ventilatie\/#breadcrumb","itemListElement":[{"@type":"ListItem","position":1,"name":"Home","item":"https:\/\/www.roximo.be\/"},{"@type":"ListItem","position":2,"name":"Diensten","item":"https:\/\/www.roximo.be\/nl\/diensten\/"},{"@type":"ListItem","position":3,"name":"Elektriciteit en Ventilatie"}]},{"@type":"WebSite","@id":"https:\/\/www.roximo.be\/#website","url":"https:\/\/www.roximo.be\/","name":"ROXIMO - Entreprise G\u00e9n\u00e9rale de Construction","description":"","potentialAction":[{"@type":"SearchAction","target":{"@type":"EntryPoint","urlTemplate":"https:\/\/www.roximo.be\/?s={search_term_string}"},"query-input":{"@type":"PropertyValueSpecification","valueRequired":true,"valueName":"search_term_string"}}],"inLanguage":"nl-NL"}]}},"_links":{"self":[{"href":"https:\/\/www.roximo.be\/nl\/wp-json\/wp\/v2\/pages\/580"}],"collection":[{"href":"https:\/\/www.roximo.be\/nl\/wp-json\/wp\/v2\/pages"}],"about":[{"href":"https:\/\/www.roximo.be\/nl\/wp-json\/wp\/v2\/types\/page"}],"author":[{"embeddable":true,"href":"https:\/\/www.roximo.be\/nl\/wp-json\/wp\/v2\/users\/1"}],"replies":[{"embeddable":true,"href":"https:\/\/www.roximo.be\/nl\/wp-json\/wp\/v2\/comments?post=580"}],"version-history":[{"count":0,"href":"https:\/\/www.roximo.be\/nl\/wp-json\/wp\/v2\/pages\/580\/revisions"}],"up":[{"embeddable":true,"href":"https:\/\/www.roximo.be\/nl\/wp-json\/wp\/v2\/pages\/572"}],"wp:attachment":[{"href":"https:\/\/www.roximo.be\/nl\/wp-json\/wp\/v2\/media?parent=580"}],"curies":[{"name":"wp","href":"https:\/\/api.w.org\/{rel}","templated":true}]}}