{"id":578,"date":"2015-10-22T15:32:34","date_gmt":"2015-10-22T15:32:34","guid":{"rendered":"https:\/\/www.roximo.be\/service\/construction-et-renovation\/"},"modified":"2018-01-26T09:24:14","modified_gmt":"2018-01-26T09:24:14","slug":"bouw-en-renovatie","status":"publish","type":"page","link":"https:\/\/www.roximo.be\/nl\/diensten\/bouw-en-renovatie\/","title":{"rendered":"Bouw en Renovatie"},"content":{"rendered":"<div  data-size='entry_without_sidebar'  data-lightbox_size='large'  data-animation='fade'  data-ids='517,518,464'  data-video_counter='0'  data-autoplay='true'  data-bg_slider='false'  data-slide_height=''  data-handle='av_slideshow'  data-interval='5'  data-class=' '  data-css_id=''  data-scroll_down=''  data-control_layout='av-control-hidden'  data-custom_markup=''  data-perma_caption=''  data-autoplay_stopper=''  data-image_attachment=''  data-min_height='0px'  data-default-height='34.95867768595'  class='avia-slideshow avia-slideshow-1  av-control-hidden av-default-height-applied avia-slideshow-entry_without_sidebar av_slideshow   avia-fade-slider '  itemprop=\"ImageObject\" itemscope=\"itemscope\" itemtype=\"https:\/\/schema.org\/ImageObject\" ><ul class='avia-slideshow-inner' style='padding-bottom: 34.95867768595%;'><li  class=' slide-1 ' ><div data-rel='slideshow-1' class='avia-slide-wrap'  ><img src='https:\/\/www.roximo.be\/wp-content\/uploads\/2018\/01\/construction-renovation-slide-1-1210x423.jpg' width='1210' height='423' title='construction-renovation-slide-1' alt='construction-renovation-slide-1'  itemprop=\"thumbnailUrl\"   \/><\/div><\/li><li  class=' slide-2 ' ><div data-rel='slideshow-1' class='avia-slide-wrap'  ><img src='https:\/\/www.roximo.be\/wp-content\/uploads\/2018\/01\/construction-renovation-slide-2-1210x423.jpg' width='1210' height='423' title='construction-renovation-slide-2' alt='construction-renovation-slide-2'  itemprop=\"thumbnailUrl\"   \/><\/div><\/li><li  class=' slide-3 ' ><div data-rel='slideshow-1' class='avia-slide-wrap'  ><img src='https:\/\/www.roximo.be\/wp-content\/uploads\/2018\/01\/r\u00e9novation-maison-1210x423.jpg' width='1210' height='423' title='Demandez un devis pour la r\u00e9novation de votre maison' alt='r\u00e9novation maison'  itemprop=\"thumbnailUrl\"   \/><\/div><\/li><\/ul><div class='avia-slideshow-arrows avia-slideshow-controls'><a href='#prev' class='prev-slide' aria-hidden='true' data-av_icon='\ue87c' data-av_iconfont='entypo-fontello'>Vorige<\/a><a href='#next' class='next-slide' aria-hidden='true' data-av_icon='\ue87d' data-av_iconfont='entypo-fontello'>Volgende<\/a><\/div><div class='avia-slideshow-dots avia-slideshow-controls'><a href='#1' class='goto-slide active' >1<\/a><a href='#2' class='goto-slide ' >2<\/a><a href='#3' class='goto-slide ' >3<\/a><\/div><\/div>\n<div class=\"flex_column av_one_full  av-animated-generic bottom-to-top  flex_column_div av-zero-column-padding first  \" style='margin-top:0px; margin-bottom:0px; border-radius:0px; '><p><div style='padding-bottom:0px;' class='av-special-heading av-special-heading-h1  blockquote modern-quote  '><h1 class='av-special-heading-tag '  itemprop=\"headline\"  >Bouw <span class='special_amp'>&amp;<\/span> Renovatie<\/h1><div class='special-heading-border'><div class='special-heading-inner-border' ><\/div><\/div><\/div><br \/>\n<div style=' margin-top:10px; margin-bottom:10px;'  class='hr hr-custom hr-left hr-icon-no  '><span class='hr-inner   inner-border-av-border-fat' style=' width:50px; border-color:#df561c;' ><span class='hr-inner-style'><\/span><\/span><\/div><\/p><\/div><div class=\"flex_column av_one_full  av-animated-generic bottom-to-top  flex_column_div av-zero-column-padding first  \" style='margin-top:0px; margin-bottom:0px; border-radius:0px; '><section class=\"av_textblock_section \"  itemscope=\"itemscope\" itemtype=\"https:\/\/schema.org\/CreativeWork\" ><div class='avia_textblock  '   itemprop=\"text\" ><blockquote>\n<p><strong>Bouw <\/strong><\/p>\n<\/blockquote>\n<p>Hoe het bouwen van een duurzame en kost ruim luxe woningen termen van energie?<\/p>\n<p>Het ontwerpen van uw huis is een zeer grote stap in uw project hoeft te delen idee\u00ebn en informatie met de architect en technici ge\u00efnformeerd en up-to-date op het gebied van technologie en materialen.<\/p>\n<p>Wij begeleiden gehelen Gedurende uw project met ons team goed opgeleid en Informed. Klantenservice Voltooiing van het ontwerp (met onze research) Optimalisatie van de uitvoering schema en garantie werking periode Respect voor belastingen we Peb<br \/>\nWe werken ook samen met een breed netwerk van bevoegde Onderaannemers<\/p>\n<\/div><\/section><\/div><div class=\"flex_column av_one_half  av-animated-generic bottom-to-top  flex_column_div av-zero-column-padding first  \" style='border-radius:0px; '><section class=\"av_textblock_section \"  itemscope=\"itemscope\" itemtype=\"https:\/\/schema.org\/CreativeWork\" ><div class='avia_textblock  '   itemprop=\"text\" ><blockquote>\n<p><strong>Renovatie <\/strong><\/p>\n<\/blockquote>\n<p>Voor een betere co\u00f6rdinatie en uitvoering Het is in uw belang te hebben<br \/>\n\u00e9\u00e9n bron voor al uw renovatieproject<br \/>\nWij hanteren AZ architect tot finish<br \/>\nAl onze constructies profiteren van de tien jaar garantie.<\/p>\n<\/div><\/section><\/div><div class=\"flex_column av_one_half  av-animated-generic bottom-to-top  flex_column_div av-zero-column-padding   \" style='border-radius:0px; '><div class='avia-image-container  av-styling-no-styling    avia-align-center '  itemprop=\"ImageObject\" itemscope=\"itemscope\" itemtype=\"https:\/\/schema.org\/ImageObject\"  ><div class='avia-image-container-inner'><img class='avia_image ' src='https:\/\/www.roximo.be\/wp-content\/uploads\/2018\/01\/001-2-495x400.jpg' alt='r\u00e9novation fa\u00e7ade' title='r\u00e9novation fa\u00e7ade'   itemprop=\"thumbnailUrl\"  \/><\/div><\/div><\/div><\/p>\n<div class=\"flex_column av_one_full  av-animated-generic bottom-to-top  flex_column_div first  \" style='padding:20px; border-radius:0px; '><p><div style='padding-bottom:0px;' class='av-special-heading av-special-heading-h2  blockquote modern-quote  '><h2 class='av-special-heading-tag '  itemprop=\"headline\"  >Galerij<\/h2><div class='special-heading-border'><div class='special-heading-inner-border' ><\/div><\/div><\/div><br \/>\n<div style=' margin-top:10px; margin-bottom:10px;'  class='hr hr-custom hr-left hr-icon-no  '><span class='hr-inner   inner-border-av-border-fat' style=' width:50px; border-color:#df561c;' ><span class='hr-inner-style'><\/span><\/span><\/div><br \/>\n<div id='av-masonry-1' class='av-masonry  noHover av-fixed-size av-large-gap av-hover-overlay-active av-masonry-col-4 av-caption-always av-caption-style- av-masonry-gallery     '  ><div class='av-masonry-container isotope av-js-disabled ' ><div class='av-masonry-entry isotope-item av-masonry-item-no-image '><\/div><a href=\"https:\/\/www.roximo.be\/wp-content\/uploads\/2018\/01\/001-2.jpg\" id='av-masonry-1-item-746' data-av-masonry-item='746' class='av-masonry-entry isotope-item post-746 attachment type-attachment status-inherit hentry  av-masonry-item-with-image' title=\"\"  itemprop=\"thumbnailUrl\" ><div class='av-inner-masonry-sizer'><\/div><figure class='av-inner-masonry main_color'><div class=\"av-masonry-outerimage-container\"><div class=\"av-masonry-image-container\" style=\"background-image: url(https:\/\/www.roximo.be\/wp-content\/uploads\/2018\/01\/001-2.jpg);\"><img decoding=\"async\" src=\"https:\/\/www.roximo.be\/wp-content\/uploads\/2018\/01\/001-2.jpg\" title=\"r\u00e9novation fa\u00e7ade\" alt=\"\" \/><\/div><\/div><\/figure><\/a><!--end av-masonry entry--><\/div><\/div><\/p><\/div>\n","protected":false},"excerpt":{"rendered":"","protected":false},"author":1,"featured_media":0,"parent":572,"menu_order":0,"comment_status":"closed","ping_status":"closed","template":"","meta":{"footnotes":""},"yoast_head":"<!-- This site is optimized with the Yoast SEO plugin v23.4 - https:\/\/yoast.com\/wordpress\/plugins\/seo\/ -->\n<title>Bouw en Renovatie - ROXIMO - Entreprise G\u00e9n\u00e9rale de Construction<\/title>\n<meta name=\"robots\" content=\"index, follow, max-snippet:-1, max-image-preview:large, max-video-preview:-1\" \/>\n<link rel=\"canonical\" href=\"https:\/\/www.roximo.be\/nl\/diensten\/bouw-en-renovatie\/\" \/>\n<meta property=\"og:locale\" content=\"nl_NL\" \/>\n<meta property=\"og:type\" content=\"article\" \/>\n<meta property=\"og:title\" content=\"Bouw en Renovatie - ROXIMO - Entreprise G\u00e9n\u00e9rale de Construction\" \/>\n<meta property=\"og:url\" content=\"https:\/\/www.roximo.be\/nl\/diensten\/bouw-en-renovatie\/\" \/>\n<meta property=\"og:site_name\" content=\"ROXIMO - Entreprise G\u00e9n\u00e9rale de Construction\" \/>\n<meta property=\"article:modified_time\" content=\"2018-01-26T09:24:14+00:00\" \/>\n<meta name=\"twitter:card\" content=\"summary_large_image\" \/>\n<meta name=\"twitter:label1\" content=\"Geschatte leestijd\" \/>\n\t<meta name=\"twitter:data1\" content=\"5 minuten\" \/>\n<script type=\"application\/ld+json\" class=\"yoast-schema-graph\">{\"@context\":\"https:\/\/schema.org\",\"@graph\":[{\"@type\":\"WebPage\",\"@id\":\"https:\/\/www.roximo.be\/nl\/diensten\/bouw-en-renovatie\/\",\"url\":\"https:\/\/www.roximo.be\/nl\/diensten\/bouw-en-renovatie\/\",\"name\":\"Bouw en Renovatie - ROXIMO - Entreprise G\u00e9n\u00e9rale de Construction\",\"isPartOf\":{\"@id\":\"https:\/\/www.roximo.be\/#website\"},\"datePublished\":\"2015-10-22T15:32:34+00:00\",\"dateModified\":\"2018-01-26T09:24:14+00:00\",\"breadcrumb\":{\"@id\":\"https:\/\/www.roximo.be\/nl\/diensten\/bouw-en-renovatie\/#breadcrumb\"},\"inLanguage\":\"nl-NL\",\"potentialAction\":[{\"@type\":\"ReadAction\",\"target\":[\"https:\/\/www.roximo.be\/nl\/diensten\/bouw-en-renovatie\/\"]}]},{\"@type\":\"BreadcrumbList\",\"@id\":\"https:\/\/www.roximo.be\/nl\/diensten\/bouw-en-renovatie\/#breadcrumb\",\"itemListElement\":[{\"@type\":\"ListItem\",\"position\":1,\"name\":\"Home\",\"item\":\"https:\/\/www.roximo.be\/\"},{\"@type\":\"ListItem\",\"position\":2,\"name\":\"Diensten\",\"item\":\"https:\/\/www.roximo.be\/nl\/diensten\/\"},{\"@type\":\"ListItem\",\"position\":3,\"name\":\"Bouw en Renovatie\"}]},{\"@type\":\"WebSite\",\"@id\":\"https:\/\/www.roximo.be\/#website\",\"url\":\"https:\/\/www.roximo.be\/\",\"name\":\"ROXIMO - Entreprise G\u00e9n\u00e9rale de Construction\",\"description\":\"\",\"potentialAction\":[{\"@type\":\"SearchAction\",\"target\":{\"@type\":\"EntryPoint\",\"urlTemplate\":\"https:\/\/www.roximo.be\/?s={search_term_string}\"},\"query-input\":{\"@type\":\"PropertyValueSpecification\",\"valueRequired\":true,\"valueName\":\"search_term_string\"}}],\"inLanguage\":\"nl-NL\"}]}<\/script>\n<!-- \/ Yoast SEO plugin. -->","yoast_head_json":{"title":"Bouw en Renovatie - ROXIMO - Entreprise G\u00e9n\u00e9rale de Construction","robots":{"index":"index","follow":"follow","max-snippet":"max-snippet:-1","max-image-preview":"max-image-preview:large","max-video-preview":"max-video-preview:-1"},"canonical":"https:\/\/www.roximo.be\/nl\/diensten\/bouw-en-renovatie\/","og_locale":"nl_NL","og_type":"article","og_title":"Bouw en Renovatie - ROXIMO - Entreprise G\u00e9n\u00e9rale de Construction","og_url":"https:\/\/www.roximo.be\/nl\/diensten\/bouw-en-renovatie\/","og_site_name":"ROXIMO - Entreprise G\u00e9n\u00e9rale de Construction","article_modified_time":"2018-01-26T09:24:14+00:00","twitter_card":"summary_large_image","twitter_misc":{"Geschatte leestijd":"5 minuten"},"schema":{"@context":"https:\/\/schema.org","@graph":[{"@type":"WebPage","@id":"https:\/\/www.roximo.be\/nl\/diensten\/bouw-en-renovatie\/","url":"https:\/\/www.roximo.be\/nl\/diensten\/bouw-en-renovatie\/","name":"Bouw en Renovatie - ROXIMO - Entreprise G\u00e9n\u00e9rale de Construction","isPartOf":{"@id":"https:\/\/www.roximo.be\/#website"},"datePublished":"2015-10-22T15:32:34+00:00","dateModified":"2018-01-26T09:24:14+00:00","breadcrumb":{"@id":"https:\/\/www.roximo.be\/nl\/diensten\/bouw-en-renovatie\/#breadcrumb"},"inLanguage":"nl-NL","potentialAction":[{"@type":"ReadAction","target":["https:\/\/www.roximo.be\/nl\/diensten\/bouw-en-renovatie\/"]}]},{"@type":"BreadcrumbList","@id":"https:\/\/www.roximo.be\/nl\/diensten\/bouw-en-renovatie\/#breadcrumb","itemListElement":[{"@type":"ListItem","position":1,"name":"Home","item":"https:\/\/www.roximo.be\/"},{"@type":"ListItem","position":2,"name":"Diensten","item":"https:\/\/www.roximo.be\/nl\/diensten\/"},{"@type":"ListItem","position":3,"name":"Bouw en Renovatie"}]},{"@type":"WebSite","@id":"https:\/\/www.roximo.be\/#website","url":"https:\/\/www.roximo.be\/","name":"ROXIMO - Entreprise G\u00e9n\u00e9rale de Construction","description":"","potentialAction":[{"@type":"SearchAction","target":{"@type":"EntryPoint","urlTemplate":"https:\/\/www.roximo.be\/?s={search_term_string}"},"query-input":{"@type":"PropertyValueSpecification","valueRequired":true,"valueName":"search_term_string"}}],"inLanguage":"nl-NL"}]}},"_links":{"self":[{"href":"https:\/\/www.roximo.be\/nl\/wp-json\/wp\/v2\/pages\/578"}],"collection":[{"href":"https:\/\/www.roximo.be\/nl\/wp-json\/wp\/v2\/pages"}],"about":[{"href":"https:\/\/www.roximo.be\/nl\/wp-json\/wp\/v2\/types\/page"}],"author":[{"embeddable":true,"href":"https:\/\/www.roximo.be\/nl\/wp-json\/wp\/v2\/users\/1"}],"replies":[{"embeddable":true,"href":"https:\/\/www.roximo.be\/nl\/wp-json\/wp\/v2\/comments?post=578"}],"version-history":[{"count":0,"href":"https:\/\/www.roximo.be\/nl\/wp-json\/wp\/v2\/pages\/578\/revisions"}],"up":[{"embeddable":true,"href":"https:\/\/www.roximo.be\/nl\/wp-json\/wp\/v2\/pages\/572"}],"wp:attachment":[{"href":"https:\/\/www.roximo.be\/nl\/wp-json\/wp\/v2\/media?parent=578"}],"curies":[{"name":"wp","href":"https:\/\/api.w.org\/{rel}","templated":true}]}}