{"id":579,"date":"2015-10-22T15:32:34","date_gmt":"2015-10-22T15:32:34","guid":{"rendered":"https:\/\/www.roximo.be\/service\/construction-et-renovation\/"},"modified":"2018-01-25T14:21:15","modified_gmt":"2018-01-25T14:21:15","slug":"transformation-and-renovation","status":"publish","type":"page","link":"https:\/\/www.roximo.be\/en\/service\/transformation-and-renovation\/","title":{"rendered":"Transformation and Renovation"},"content":{"rendered":"<div  data-size='entry_without_sidebar'  data-lightbox_size='large'  data-animation='fade'  data-ids='517,518,464'  data-video_counter='0'  data-autoplay='true'  data-bg_slider='false'  data-slide_height=''  data-handle='av_slideshow'  data-interval='5'  data-class=' '  data-css_id=''  data-scroll_down=''  data-control_layout='av-control-hidden'  data-custom_markup=''  data-perma_caption=''  data-autoplay_stopper=''  data-image_attachment=''  data-min_height='0px'  data-default-height='34.95867768595'  class='avia-slideshow avia-slideshow-1  av-control-hidden av-default-height-applied avia-slideshow-entry_without_sidebar av_slideshow   avia-fade-slider '  itemprop=\"ImageObject\" itemscope=\"itemscope\" itemtype=\"https:\/\/schema.org\/ImageObject\" ><ul class='avia-slideshow-inner' style='padding-bottom: 34.95867768595%;'><li  class=' slide-1 ' ><div data-rel='slideshow-1' class='avia-slide-wrap'  ><img src='https:\/\/www.roximo.be\/wp-content\/uploads\/2018\/01\/construction-renovation-slide-1-1210x423.jpg' width='1210' height='423' title='construction-renovation-slide-1' alt='construction-renovation-slide-1'  itemprop=\"thumbnailUrl\"   \/><\/div><\/li><li  class=' slide-2 ' ><div data-rel='slideshow-1' class='avia-slide-wrap'  ><img src='https:\/\/www.roximo.be\/wp-content\/uploads\/2018\/01\/construction-renovation-slide-2-1210x423.jpg' width='1210' height='423' title='construction-renovation-slide-2' alt='construction-renovation-slide-2'  itemprop=\"thumbnailUrl\"   \/><\/div><\/li><li  class=' slide-3 ' ><div data-rel='slideshow-1' class='avia-slide-wrap'  ><img src='https:\/\/www.roximo.be\/wp-content\/uploads\/2018\/01\/r\u00e9novation-maison-1210x423.jpg' width='1210' height='423' title='Demandez un devis pour la r\u00e9novation de votre maison' alt='r\u00e9novation maison'  itemprop=\"thumbnailUrl\"   \/><\/div><\/li><\/ul><div class='avia-slideshow-arrows avia-slideshow-controls'><a href='#prev' class='prev-slide' aria-hidden='true' data-av_icon='\ue87c' data-av_iconfont='entypo-fontello'>Previous<\/a><a href='#next' class='next-slide' aria-hidden='true' data-av_icon='\ue87d' data-av_iconfont='entypo-fontello'>Next<\/a><\/div><div class='avia-slideshow-dots avia-slideshow-controls'><a href='#1' class='goto-slide active' >1<\/a><a href='#2' class='goto-slide ' >2<\/a><a href='#3' class='goto-slide ' >3<\/a><\/div><\/div>\n<div class=\"flex_column av_one_full  av-animated-generic bottom-to-top  flex_column_div av-zero-column-padding first  \" style='margin-top:0px; margin-bottom:0px; border-radius:0px; '><p><div style='padding-bottom:0px;' class='av-special-heading av-special-heading-h1  blockquote modern-quote  '><h1 class='av-special-heading-tag '  itemprop=\"headline\"  > Transformation and Renovation<\/h1><div class='special-heading-border'><div class='special-heading-inner-border' ><\/div><\/div><\/div><br \/>\n<div style=' margin-top:10px; margin-bottom:10px;'  class='hr hr-custom hr-left hr-icon-no  '><span class='hr-inner   inner-border-av-border-fat' style=' width:50px; border-color:#df561c;' ><span class='hr-inner-style'><\/span><\/span><\/div><\/p><\/div><div class=\"flex_column av_one_full  av-animated-generic bottom-to-top  flex_column_div av-zero-column-padding first  \" style='margin-top:0px; margin-bottom:0px; border-radius:0px; '><section class=\"av_textblock_section \"  itemscope=\"itemscope\" itemtype=\"https:\/\/schema.org\/CreativeWork\" ><div class='avia_textblock  '   itemprop=\"text\" ><blockquote>\n<p><strong>Construction <\/strong><\/p>\n<\/blockquote>\n<p>How to build a sustainable and cost luxuriously spacious housing terms of energy?<\/p>\n<p>Designing your home is a very important step in your project need to share ideas and information with the architect and technicians informed and up to date in terms of technology and materials.<\/p>\n<p>We accompany wholes throughout your project with our team well trained and informed.<\/p>\n<p><strong>Customer support\u00a0<\/strong><\/p>\n<p>Completion of the draft (with our research)<br \/>\nOptimization of execution schedules and warranty operation period<br \/>\nRespect of taxes on P.E.B<\/p>\n<p>We also work with a wide network of subcontractors competent<\/p>\n<\/div><\/section><\/div><div class=\"flex_column av_one_half  av-animated-generic bottom-to-top  flex_column_div av-zero-column-padding first  \" style='border-radius:0px; '><section class=\"av_textblock_section \"  itemscope=\"itemscope\" itemtype=\"https:\/\/schema.org\/CreativeWork\" ><div class='avia_textblock  '   itemprop=\"text\" ><blockquote>\n<p><strong>Renovation\u00a0<\/strong><\/p>\n<\/blockquote>\n<p>For better coordination and execution It is in your interest to have<\/p>\n<p>one source for all your renovation project<\/p>\n<p>We handle AZ architect to finish<\/p>\n<p>All our constructions benefit from the ten-year guarantee.<\/p>\n<\/div><\/section><\/div><div class=\"flex_column av_one_half  av-animated-generic bottom-to-top  flex_column_div av-zero-column-padding   \" style='border-radius:0px; '><div class='avia-image-container  av-styling-no-styling    avia-align-center '  itemprop=\"ImageObject\" itemscope=\"itemscope\" itemtype=\"https:\/\/schema.org\/ImageObject\"  ><div class='avia-image-container-inner'><img class='avia_image ' src='https:\/\/www.roximo.be\/wp-content\/uploads\/2018\/01\/001-2-495x400.jpg' alt='r\u00e9novation fa\u00e7ade' title='r\u00e9novation fa\u00e7ade'   itemprop=\"thumbnailUrl\"  \/><\/div><\/div><\/div><\/p>\n<div class=\"flex_column av_one_full  av-animated-generic bottom-to-top  flex_column_div first  \" style='padding:20px; border-radius:0px; '><p><div style='padding-bottom:0px;' class='av-special-heading av-special-heading-h2  blockquote modern-quote  '><h2 class='av-special-heading-tag '  itemprop=\"headline\"  >Gallery<\/h2><div class='special-heading-border'><div class='special-heading-inner-border' ><\/div><\/div><\/div><br \/>\n<div style=' margin-top:10px; margin-bottom:10px;'  class='hr hr-custom hr-left hr-icon-no  '><span class='hr-inner   inner-border-av-border-fat' style=' width:50px; border-color:#df561c;' ><span class='hr-inner-style'><\/span><\/span><\/div><br \/>\n<div id='av-masonry-1' class='av-masonry  noHover av-fixed-size av-large-gap av-hover-overlay-active av-masonry-col-4 av-caption-always av-caption-style- av-masonry-gallery     '  ><div class='av-masonry-container isotope av-js-disabled ' ><div class='av-masonry-entry isotope-item av-masonry-item-no-image '><\/div><a href=\"https:\/\/www.roximo.be\/wp-content\/uploads\/2018\/01\/001-2.jpg\" id='av-masonry-1-item-747' data-av-masonry-item='747' class='av-masonry-entry isotope-item post-747 attachment type-attachment status-inherit hentry  av-masonry-item-with-image' title=\"\"  itemprop=\"thumbnailUrl\" ><div class='av-inner-masonry-sizer'><\/div><figure class='av-inner-masonry main_color'><div class=\"av-masonry-outerimage-container\"><div class=\"av-masonry-image-container\" style=\"background-image: url(https:\/\/www.roximo.be\/wp-content\/uploads\/2018\/01\/001-2.jpg);\"><img decoding=\"async\" src=\"https:\/\/www.roximo.be\/wp-content\/uploads\/2018\/01\/001-2.jpg\" title=\"r\u00e9novation fa\u00e7ade\" alt=\"\" \/><\/div><\/div><\/figure><\/a><!--end av-masonry entry--><\/div><\/div><\/p><\/div>\n","protected":false},"excerpt":{"rendered":"","protected":false},"author":1,"featured_media":0,"parent":573,"menu_order":0,"comment_status":"closed","ping_status":"closed","template":"","meta":{"footnotes":""},"yoast_head":"<!-- This site is optimized with the Yoast SEO plugin v23.4 - https:\/\/yoast.com\/wordpress\/plugins\/seo\/ -->\n<title>Transformation and Renovation - ROXIMO - Entreprise G\u00e9n\u00e9rale de Construction<\/title>\n<meta name=\"robots\" content=\"index, follow, max-snippet:-1, max-image-preview:large, max-video-preview:-1\" \/>\n<link rel=\"canonical\" href=\"https:\/\/www.roximo.be\/en\/service\/transformation-and-renovation\/\" \/>\n<meta property=\"og:locale\" content=\"en_US\" \/>\n<meta property=\"og:type\" content=\"article\" \/>\n<meta property=\"og:title\" content=\"Transformation and Renovation - ROXIMO - Entreprise G\u00e9n\u00e9rale de Construction\" \/>\n<meta property=\"og:url\" content=\"https:\/\/www.roximo.be\/en\/service\/transformation-and-renovation\/\" \/>\n<meta property=\"og:site_name\" content=\"ROXIMO - Entreprise G\u00e9n\u00e9rale de Construction\" \/>\n<meta property=\"article:modified_time\" content=\"2018-01-25T14:21:15+00:00\" \/>\n<meta name=\"twitter:card\" content=\"summary_large_image\" \/>\n<meta name=\"twitter:label1\" content=\"Est. reading time\" \/>\n\t<meta name=\"twitter:data1\" content=\"5 minutes\" \/>\n<script type=\"application\/ld+json\" class=\"yoast-schema-graph\">{\"@context\":\"https:\/\/schema.org\",\"@graph\":[{\"@type\":\"WebPage\",\"@id\":\"https:\/\/www.roximo.be\/en\/service\/transformation-and-renovation\/\",\"url\":\"https:\/\/www.roximo.be\/en\/service\/transformation-and-renovation\/\",\"name\":\"Transformation and Renovation - ROXIMO - Entreprise G\u00e9n\u00e9rale de Construction\",\"isPartOf\":{\"@id\":\"https:\/\/www.roximo.be\/#website\"},\"datePublished\":\"2015-10-22T15:32:34+00:00\",\"dateModified\":\"2018-01-25T14:21:15+00:00\",\"breadcrumb\":{\"@id\":\"https:\/\/www.roximo.be\/en\/service\/transformation-and-renovation\/#breadcrumb\"},\"inLanguage\":\"en-US\",\"potentialAction\":[{\"@type\":\"ReadAction\",\"target\":[\"https:\/\/www.roximo.be\/en\/service\/transformation-and-renovation\/\"]}]},{\"@type\":\"BreadcrumbList\",\"@id\":\"https:\/\/www.roximo.be\/en\/service\/transformation-and-renovation\/#breadcrumb\",\"itemListElement\":[{\"@type\":\"ListItem\",\"position\":1,\"name\":\"Home\",\"item\":\"https:\/\/www.roximo.be\/\"},{\"@type\":\"ListItem\",\"position\":2,\"name\":\"Services\",\"item\":\"https:\/\/www.roximo.be\/en\/service\/\"},{\"@type\":\"ListItem\",\"position\":3,\"name\":\"Transformation and Renovation\"}]},{\"@type\":\"WebSite\",\"@id\":\"https:\/\/www.roximo.be\/#website\",\"url\":\"https:\/\/www.roximo.be\/\",\"name\":\"ROXIMO - Entreprise G\u00e9n\u00e9rale de Construction\",\"description\":\"\",\"potentialAction\":[{\"@type\":\"SearchAction\",\"target\":{\"@type\":\"EntryPoint\",\"urlTemplate\":\"https:\/\/www.roximo.be\/?s={search_term_string}\"},\"query-input\":{\"@type\":\"PropertyValueSpecification\",\"valueRequired\":true,\"valueName\":\"search_term_string\"}}],\"inLanguage\":\"en-US\"}]}<\/script>\n<!-- \/ Yoast SEO plugin. -->","yoast_head_json":{"title":"Transformation and Renovation - ROXIMO - Entreprise G\u00e9n\u00e9rale de Construction","robots":{"index":"index","follow":"follow","max-snippet":"max-snippet:-1","max-image-preview":"max-image-preview:large","max-video-preview":"max-video-preview:-1"},"canonical":"https:\/\/www.roximo.be\/en\/service\/transformation-and-renovation\/","og_locale":"en_US","og_type":"article","og_title":"Transformation and Renovation - ROXIMO - Entreprise G\u00e9n\u00e9rale de Construction","og_url":"https:\/\/www.roximo.be\/en\/service\/transformation-and-renovation\/","og_site_name":"ROXIMO - Entreprise G\u00e9n\u00e9rale de Construction","article_modified_time":"2018-01-25T14:21:15+00:00","twitter_card":"summary_large_image","twitter_misc":{"Est. reading time":"5 minutes"},"schema":{"@context":"https:\/\/schema.org","@graph":[{"@type":"WebPage","@id":"https:\/\/www.roximo.be\/en\/service\/transformation-and-renovation\/","url":"https:\/\/www.roximo.be\/en\/service\/transformation-and-renovation\/","name":"Transformation and Renovation - ROXIMO - Entreprise G\u00e9n\u00e9rale de Construction","isPartOf":{"@id":"https:\/\/www.roximo.be\/#website"},"datePublished":"2015-10-22T15:32:34+00:00","dateModified":"2018-01-25T14:21:15+00:00","breadcrumb":{"@id":"https:\/\/www.roximo.be\/en\/service\/transformation-and-renovation\/#breadcrumb"},"inLanguage":"en-US","potentialAction":[{"@type":"ReadAction","target":["https:\/\/www.roximo.be\/en\/service\/transformation-and-renovation\/"]}]},{"@type":"BreadcrumbList","@id":"https:\/\/www.roximo.be\/en\/service\/transformation-and-renovation\/#breadcrumb","itemListElement":[{"@type":"ListItem","position":1,"name":"Home","item":"https:\/\/www.roximo.be\/"},{"@type":"ListItem","position":2,"name":"Services","item":"https:\/\/www.roximo.be\/en\/service\/"},{"@type":"ListItem","position":3,"name":"Transformation and Renovation"}]},{"@type":"WebSite","@id":"https:\/\/www.roximo.be\/#website","url":"https:\/\/www.roximo.be\/","name":"ROXIMO - Entreprise G\u00e9n\u00e9rale de Construction","description":"","potentialAction":[{"@type":"SearchAction","target":{"@type":"EntryPoint","urlTemplate":"https:\/\/www.roximo.be\/?s={search_term_string}"},"query-input":{"@type":"PropertyValueSpecification","valueRequired":true,"valueName":"search_term_string"}}],"inLanguage":"en-US"}]}},"_links":{"self":[{"href":"https:\/\/www.roximo.be\/en\/wp-json\/wp\/v2\/pages\/579"}],"collection":[{"href":"https:\/\/www.roximo.be\/en\/wp-json\/wp\/v2\/pages"}],"about":[{"href":"https:\/\/www.roximo.be\/en\/wp-json\/wp\/v2\/types\/page"}],"author":[{"embeddable":true,"href":"https:\/\/www.roximo.be\/en\/wp-json\/wp\/v2\/users\/1"}],"replies":[{"embeddable":true,"href":"https:\/\/www.roximo.be\/en\/wp-json\/wp\/v2\/comments?post=579"}],"version-history":[{"count":0,"href":"https:\/\/www.roximo.be\/en\/wp-json\/wp\/v2\/pages\/579\/revisions"}],"up":[{"embeddable":true,"href":"https:\/\/www.roximo.be\/en\/wp-json\/wp\/v2\/pages\/573"}],"wp:attachment":[{"href":"https:\/\/www.roximo.be\/en\/wp-json\/wp\/v2\/media?parent=579"}],"curies":[{"name":"wp","href":"https:\/\/api.w.org\/{rel}","templated":true}]}}